{"id":153,"date":"2024-04-10T17:21:51","date_gmt":"2024-04-10T15:21:51","guid":{"rendered":"https:\/\/2024.fabrikpublik.de\/referenzen\/"},"modified":"2024-12-16T10:38:33","modified_gmt":"2024-12-16T09:38:33","slug":"references","status":"publish","type":"page","link":"https:\/\/fabrikpublik.de\/en\/references\/","title":{"rendered":"REFERENCES"},"content":{"rendered":"\n<div class=\"wp-block-group\"><div class=\"wp-block-group__inner-container is-layout-constrained wp-block-group-is-layout-constrained\">\n<p>Berlin Partner GmbH \u2013 <span style=\"color: #888888;\">Programme Management of the Court Festival of the Governing Mayor<\/span><\/p>\n\n\n\n<p>Karneval der Kulturen&nbsp;\u2013 <span style=\"color: #888888;\">PR, Programme curation stage&nbsp;<\/span> <a href=\"https:\/\/www.karneval.berlin\" target=\"_blank\" rel=\"noreferrer noopener nofollow\">&gt;&gt;<\/a><\/p>\n\n\n\n<p>Russische Kulturtage in Deutschland, Hahn Produktion GmbH \u2013 <span style=\"color: #888888;\">Production Management, Financial Management<\/span><\/p>\n\n\n\n<p>Staatliche Museen zu Berlin, Markt der Kontinente&nbsp;\u2013 <span style=\"color: #888888;\">PR, Marketing<\/span><\/p>\n\n\n\n<p>KulturBrauerei\/ Kesselhaus GmbH\/ Consense GmbH \u2013 <span style=\"color: #888888;\">PR<\/span><\/p>\n\n\n\n<p>tR\u00c4NENpALAST Veranstaltungs GmbH&nbsp;\u2013 <span style=\"color: #888888;\">PR, Marketing<\/span><\/p>\n\n\n\n<p>Hochschule f\u00fcr Musik Hanns Eisler&nbsp;\u2013 <span style=\"color: #888888;\">Project Management Music Theatre<\/span><\/p>\n\n\n\n<p>THE POETRY PROJECT&nbsp;\u2013 <span style=\"color: #888888;\">FinanzmaFinancial Managementnagement<\/span><\/p>\n\n\n\n<p>Autorinnenvereinigung e. V.&nbsp;\u2013 <span style=\"color: #888888;\">PR<\/span><\/p>\n\n\n\n<div style=\"height:100px\" aria-hidden=\"true\" class=\"wp-block-spacer\"><\/div>\n\n\n\n<h2 class=\"wp-block-heading\">FILM<\/h2>\n\n\n\n<div style=\"height:50px\" aria-hidden=\"true\" class=\"wp-block-spacer\"><\/div>\n\n\n\n<p>AFRIKAMERA \u2013 Aktuelles Kino aus Afrika \/ toucouleur e.V.&nbsp;\u2013 <span style=\"color: #888888;\">Project Management, Programme, PR, Financial Management<\/span> <a href=\"https:\/\/www.afrikamera.de\" target=\"_blank\" rel=\"noreferrer noopener nofollow\">&gt;&gt;<\/a><\/p>\n\n\n\n<p>ALFILM \u2013 Arabisches Filmfestival Berlin \u2013 <span style=\"color: #888888;\">PR<\/span> &nbsp;<a href=\"https:\/\/alfilm.berlin\" target=\"_blank\" rel=\"noreferrer noopener nofollow\">&gt;&gt;<\/a><\/p>\n\n\n\n<p>filmPOLSKA \/ Polnisches Institut Berlin&nbsp;\u2013 <span style=\"color: #888888;\">PR, German-Polish Journalist Exchange <\/span><a href=\"https:\/\/instytutpolski.pl\/berlin\/18-filmpolska\/\" target=\"_blank\" rel=\"noreferrer noopener nofollow\">&gt;&gt;<\/a><\/p>\n\n\n\n<p>LETs DOK &#8211; Bundesweite Dokumentarfilmtage, Programm Berlin\/ Brandenburg \u2013 <span style=\"color: #888888;\">PR<\/span> <a href=\"https:\/\/letsdok.de\" target=\"_blank\" rel=\"noreferrer noopener nofollow\">&gt;&gt;<\/a><\/p>\n\n\n\n<div style=\"height:100px\" aria-hidden=\"true\" class=\"wp-block-spacer\"><\/div>\n\n\n\n<h2 class=\"wp-block-heading\">Dance &amp; PERFORMANCE<\/h2>\n\n\n\n<div style=\"height:50px\" aria-hidden=\"true\" class=\"wp-block-spacer\"><\/div>\n\n\n\n<p>BORDER BORDER EXPRESS \u2013 zeitgen\u00f6ssischer Tanz aus Burkina Faso, Kenia, S\u00fcdafrika und Kongo (Festival\/ HAU Berlin)&nbsp;\u2013 <span style=\"color: #888888;\">Project Management, PR, Financial Management<\/span><\/p>\n\n\n\n<p>MOUSSOKOUMA \u2013 zeitgen\u00f6ssischer Tanz aus Algerien, Mali, C\u00f4te d\u2018Ivoire, Marokko, Senegal, S\u00fcdafrika (Festival\/ HAU Berlin)&nbsp;\u2013 <span style=\"color: #888888;\">Project Management, PR, Financial Management<\/span><\/p>\n\n\n\n<p>SCHLAFLOSE N\u00c4CHTE \/ NUITS BLANCHES (Tanz- und Performancefestival, HAU Berlin)&nbsp;\u2013 <span style=\"color: #888888;\">Project Management, PR, Financial Management<\/span><\/p>\n\n\n\n<p>TIMBUKTU IS BACK! K\u00fcnstlerische Positionen aus dem afrikanischen Sahel (Tanz-, Performance- und Filmfestival, HAU Berlin)\u00a0\u2013 <span style=\"color: #888888;\">Project Management, PR, Financial Management<\/span><br><br>Dance Palace\/ Luxemburg und Gro\u00dfregion \u2013 Kulturhauptstadt Europas 2007\u00a0\u2013 <span style=\"color: #888888;\">Editorial Collaboration, supporting PR<\/span><\/p>\n\n\n\n<p>DANZ FESTIVAL LETZEBUERG&nbsp;\u2013 <span style=\"color: #888888;\">Administrative Management, PR<\/span><\/p>\n\n\n\n<div style=\"height:100px\" aria-hidden=\"true\" class=\"wp-block-spacer\"><\/div>\n\n\n\n<h2 class=\"wp-block-heading\">ART<\/h2>\n\n\n\n<div style=\"height:50px\" aria-hidden=\"true\" class=\"wp-block-spacer\"><\/div>\n\n\n\n<p>Schloss Biesdorf \u2013 <span style=\"color: #888888;\">PR<\/span> <a href=\"https:\/\/schlossbiesdorf.de\" target=\"_blank\" rel=\"noreferrer noopener\">&gt;&gt;<\/a><\/p>\n\n\n\n<p>K\u00fchlhaus Berlin \u2013 Seven Floors of Arts&nbsp;\u2013 <span style=\"color: #888888;\">PR<\/span> <a href=\"https:\/\/www.kuehlhaus-berlin.com\" target=\"_blank\" rel=\"noreferrer noopener nofollow\">&gt;&gt;<\/a><\/p>\n\n\n\n<p>T!NG SPACE&nbsp;\u2013 <span style=\"color: #888888;\">PR<\/span> <a href=\"https:\/\/www.ting-space.com\" target=\"_blank\" rel=\"noreferrer noopener nofollow\">&gt;&gt;<\/a><\/p>\n\n\n\n<p>tR\u00c4NENpALAST, Stiftung Haus der Geschichte der Bundesrepublik Deutschland \u2013 <span style=\"color: #888888;\">PR<\/span> <a href=\"http:\/\/www.hdg.de\" target=\"_blank\" rel=\"noreferrer noopener nofollow\">&gt;&gt;<\/a><\/p>\n\n\n\n<div style=\"height:100px\" aria-hidden=\"true\" class=\"wp-block-spacer\"><\/div>\n\n\n\n<h2 class=\"wp-block-heading\">MUSIc<\/h2>\n\n\n\n<div style=\"height:50px\" aria-hidden=\"true\" class=\"wp-block-spacer\"><\/div>\n\n\n\n<p>Oscillations. Cape Town \u2013 Berlin. Sonic&nbsp;Inquiries and Practices.<br>Klangkunst-Ausstellung; Performances, DJ-Sets, Akademie der K\u00fcnste \u2013 <span style=\"color: #888888;\">PR<\/span> <a href=\"http:\/\/www.adk.de\/de\/programm\/index.htm?we_objectID=66173\" target=\"_blank\" rel=\"noreferrer noopener nofollow\">&gt;&gt;<\/a><\/p>\n\n\n\n<p>Time to Listen. Die \u00f6kologische Krise in Klang und Musik, Akademie der K\u00fcnste \u2013 <span style=\"color: #888888;\">PR<\/span> <a href=\"https:\/\/www.adk.de\/de\/projekte\/2023\/time-to-listen\/index.htm\" target=\"_blank\" rel=\"noreferrer noopener nofollow\">&gt;&gt;<\/a><\/p>\n\n\n\n<p>Female Voice of Iran<br>Female Voice of Afghanistan<br>Female Voice of Kurdistan \/ Yalda Yazdani u. Zeitgen\u00f6ssische Oper Berlin (Musikfestivals) \u2013 <span style=\"color: #888888;\">PR<\/span> <a href=\"https:\/\/yaldayazdani.com\" target=\"_blank\" rel=\"noreferrer noopener nofollow\">&gt;&gt;<\/a><\/p>\n\n\n\n<p>Mschatta Lounge, Staatliche Museen zu Berlin, Museum f\u00fcr Islamische Kunst&nbsp;\u2013 <span style=\"color: #888888;\">PR<\/span> <a href=\"https:\/\/www.smb.museum\/museen-einrichtungen\/museum-fuer-islamische-kunst\/home\/\" target=\"_blank\" rel=\"noreferrer noopener nofollow\">&gt;&gt;<\/a><\/p>\n\n\n\n<p>Ein Traum von Weltmusik. Deutsche und europ\u00e4ische Minimal Music der 1970 Jahre, \u00dcberg\u00e4nge, Experimente, HAU \u2013 Hebbel am Ufer&nbsp;\u2013 <span style=\"color: #888888;\">PR<\/span><\/p>\n\n\n\n<p>Blue Wave Festival\/ Ostseebad Binz, R\u00fcgen&nbsp;\u2013 <span style=\"color: #888888;\">PR, Editorial Work<\/span><\/p>\n\n\n\n<p>Jazz in Town: Blues- u. Jazzfestival K\u00f6penick\/ Jazz- und Blues Award \u2013 JAZZINITIATIVE BERLIN e. V. \u2013 <span style=\"color: #888888;\">PR<\/span><\/p>\n\n\n\n<p>Berliner Bach Akademie \u2013 <span style=\"color: #888888;\">PR<\/span> <a href=\"http:\/\/www.berlinerbachakademie.de\" target=\"_blank\" rel=\"noreferrer noopener nofollow\">&gt;&gt;<\/a><\/p>\n\n\n\n<div style=\"height:100px\" aria-hidden=\"true\" class=\"wp-block-spacer\"><\/div>\n\n\n\n<h2 class=\"wp-block-heading\">THEATRE<\/h2>\n\n\n\n<div style=\"height:50px\" aria-hidden=\"true\" class=\"wp-block-spacer\"><\/div>\n\n\n\n<p>Admiralspalast Theaterproduktionen&nbsp;\u2013 <span style=\"color: #888888;\">PR<\/span> <a href=\"https:\/\/www.admiralspalast.theater\" target=\"_blank\" rel=\"noreferrer noopener nofollow\">&gt;&gt;<\/a><\/p>\n\n\n\n<p>Pfefferberg Theater \u2013 <span style=\"color: #888888;\">PR <\/span><a href=\"https:\/\/www.pfefferberg-theater.de\" target=\"_blank\" rel=\"noreferrer noopener nofollow\">&gt;&gt;<\/a><\/p>\n\n\n\n<p>Hexenberg Ensemble \u2013 <span style=\"color: #888888;\">PR<\/span> <a href=\"https:\/\/www.hexenberg-ensemble.de\" target=\"_blank\" rel=\"noreferrer noopener nofollow\">&gt;&gt;<\/a><\/p>\n\n\n\n<p>Monbijou Theater \u2013 <span style=\"color: #888888;\">PR<\/span> <a href=\"https:\/\/monbijou-theater.de\" target=\"_blank\" rel=\"noreferrer noopener nofollow\">&gt;&gt;<\/a><\/p>\n\n\n\n<p>tak \u2013 Theater Aufbau Kreuzberg \u2013 \u2013 <span style=\"color: #888888;\">PR<\/span> <a href=\"https:\/\/tak-berlin.de\" target=\"_blank\" rel=\"noreferrer noopener nofollow\">&gt;&gt;<\/a><\/p>\n\n\n\n<p>Drehb\u00fchne Berlin&nbsp;\u2013 <span style=\"color: #888888;\">PR<\/span> <a href=\"https:\/\/www.drehbuehne-berlin.de\" target=\"_blank\" rel=\"noreferrer noopener nofollow\">&gt;&gt;<\/a><\/p>\n\n\n\n<p>Kanaltheater Eberswalde \u2013 <span style=\"color: #888888;\">PR<\/span> <a href=\"https:\/\/kanaltheater.de\/\" target=\"_blank\" rel=\"noreferrer noopener nofollow\">&gt;&gt;<\/a><\/p>\n\n\n\n<div style=\"height:100px\" aria-hidden=\"true\" class=\"wp-block-spacer\"><\/div>\n\n\n\n<h2 class=\"wp-block-heading\">KULTURELLE BILDUNG<\/h2>\n\n\n\n<div style=\"height:50px\" aria-hidden=\"true\" class=\"wp-block-spacer\"><\/div>\n\n\n\n<p>Aufbruch Neuk\u00f6lln e.V.\/ Kazim Erdogan, Woche der Sprache und des Lesens&nbsp;\u2013 <span style=\"color: #888888;\">PR, Partner and Sponsor Acquisition<\/span> <a href=\"https:\/\/www.aufbruch-neukoelln.de\" target=\"_blank\" rel=\"noreferrer noopener nofollow\">&gt;&gt;<\/a><\/p>\n\n\n\n<div style=\"height:100px\" aria-hidden=\"true\" class=\"wp-block-spacer\"><\/div>\n\n\n\n<h2 class=\"wp-block-heading\">Weitere FESTIVALS<\/h2>\n\n\n\n<div style=\"height:50px\" aria-hidden=\"true\" class=\"wp-block-spacer\"><\/div>\n\n\n\n<p>Die N\u00e4chte des Ramadan, Piranha Arts \u2013 <span style=\"color: #888888;\">PR<\/span><\/p>\n\n\n\n<p>Herzgr\u00fcnfestival, Artfakt Kulturkonzepte&nbsp;\u2013 <span style=\"color: #888888;\">PR<\/span><\/p>\n<\/div><\/div>\n\n\n\n<div style=\"height:100px\" aria-hidden=\"true\" class=\"wp-block-spacer\"><\/div>\n","protected":false},"excerpt":{"rendered":"<p>Berlin Partner GmbH \u2013 Programme Management of the Court Festival of the Governing Mayor Karneval der Kulturen&nbsp;\u2013 PR, Programme curation stage&nbsp; &gt;&gt; Russische Kulturtage in Deutschland, Hahn Produktion GmbH \u2013 Production Management, Financial Management Staatliche Museen zu Berlin, Markt der Kontinente&nbsp;\u2013 PR, Marketing KulturBrauerei\/ Kesselhaus GmbH\/ Consense GmbH \u2013 PR tR\u00c4NENpALAST Veranstaltungs GmbH&nbsp;\u2013 PR, Marketing&hellip;<\/p>\n","protected":false},"author":2,"featured_media":0,"parent":0,"menu_order":0,"comment_status":"closed","ping_status":"closed","template":"","meta":{"_acf_changed":false,"footnotes":""},"class_list":["post-153","page","type-page","status-publish","hentry"],"acf":[],"yoast_head":"<!-- This site is optimized with the Yoast SEO plugin v26.8 - https:\/\/yoast.com\/product\/yoast-seo-wordpress\/ -->\n<title>REFERENCES - fabrikpublik<\/title>\n<meta name=\"robots\" content=\"index, follow, max-snippet:-1, max-image-preview:large, max-video-preview:-1\" \/>\n<link rel=\"canonical\" href=\"https:\/\/fabrikpublik.de\/en\/references\/\" \/>\n<meta property=\"og:locale\" content=\"en_US\" \/>\n<meta property=\"og:type\" content=\"article\" \/>\n<meta property=\"og:title\" content=\"REFERENCES - fabrikpublik\" \/>\n<meta property=\"og:description\" content=\"Berlin Partner GmbH \u2013 Programme Management of the Court Festival of the Governing Mayor Karneval der Kulturen&nbsp;\u2013 PR, Programme curation stage&nbsp; &gt;&gt; Russische Kulturtage in Deutschland, Hahn Produktion GmbH \u2013 Production Management, Financial Management Staatliche Museen zu Berlin, Markt der Kontinente&nbsp;\u2013 PR, Marketing KulturBrauerei\/ Kesselhaus GmbH\/ Consense GmbH \u2013 PR tR\u00c4NENpALAST Veranstaltungs GmbH&nbsp;\u2013 PR, Marketing&hellip;\" \/>\n<meta property=\"og:url\" content=\"https:\/\/fabrikpublik.de\/en\/references\/\" \/>\n<meta property=\"og:site_name\" content=\"fabrikpublik\" \/>\n<meta property=\"article:modified_time\" content=\"2024-12-16T09:38:33+00:00\" \/>\n<meta name=\"twitter:card\" content=\"summary_large_image\" \/>\n<meta name=\"twitter:label1\" content=\"Est. reading time\" \/>\n\t<meta name=\"twitter:data1\" content=\"3 minutes\" \/>\n<script type=\"application\/ld+json\" class=\"yoast-schema-graph\">{\"@context\":\"https:\/\/schema.org\",\"@graph\":[{\"@type\":\"WebPage\",\"@id\":\"https:\/\/fabrikpublik.de\/en\/references\/\",\"url\":\"https:\/\/fabrikpublik.de\/en\/references\/\",\"name\":\"REFERENCES - fabrikpublik\",\"isPartOf\":{\"@id\":\"https:\/\/fabrikpublik.de\/#website\"},\"datePublished\":\"2024-04-10T15:21:51+00:00\",\"dateModified\":\"2024-12-16T09:38:33+00:00\",\"breadcrumb\":{\"@id\":\"https:\/\/fabrikpublik.de\/en\/references\/#breadcrumb\"},\"inLanguage\":\"en-US\",\"potentialAction\":[{\"@type\":\"ReadAction\",\"target\":[\"https:\/\/fabrikpublik.de\/en\/references\/\"]}]},{\"@type\":\"BreadcrumbList\",\"@id\":\"https:\/\/fabrikpublik.de\/en\/references\/#breadcrumb\",\"itemListElement\":[{\"@type\":\"ListItem\",\"position\":1,\"name\":\"Startseite\",\"item\":\"https:\/\/fabrikpublik.de\/en\/\"},{\"@type\":\"ListItem\",\"position\":2,\"name\":\"REFERENCES\"}]},{\"@type\":\"WebSite\",\"@id\":\"https:\/\/fabrikpublik.de\/#website\",\"url\":\"https:\/\/fabrikpublik.de\/\",\"name\":\"fabrikpublik\",\"description\":\"Presse- und \u00d6ffentlichkeitsarbeit aus Berlin\",\"publisher\":{\"@id\":\"https:\/\/fabrikpublik.de\/#organization\"},\"potentialAction\":[{\"@type\":\"SearchAction\",\"target\":{\"@type\":\"EntryPoint\",\"urlTemplate\":\"https:\/\/fabrikpublik.de\/?s={search_term_string}\"},\"query-input\":{\"@type\":\"PropertyValueSpecification\",\"valueRequired\":true,\"valueName\":\"search_term_string\"}}],\"inLanguage\":\"en-US\"},{\"@type\":\"Organization\",\"@id\":\"https:\/\/fabrikpublik.de\/#organization\",\"name\":\"fabrikpublik\",\"url\":\"https:\/\/fabrikpublik.de\/\",\"logo\":{\"@type\":\"ImageObject\",\"inLanguage\":\"en-US\",\"@id\":\"https:\/\/fabrikpublik.de\/#\/schema\/logo\/image\/\",\"url\":\"https:\/\/fabrikpublik.de\/wp-content\/uploads\/2024\/04\/logo_01.svg\",\"contentUrl\":\"https:\/\/fabrikpublik.de\/wp-content\/uploads\/2024\/04\/logo_01.svg\",\"width\":1,\"height\":1,\"caption\":\"fabrikpublik\"},\"image\":{\"@id\":\"https:\/\/fabrikpublik.de\/#\/schema\/logo\/image\/\"}}]}<\/script>\n<!-- \/ Yoast SEO plugin. -->","yoast_head_json":{"title":"REFERENCES - fabrikpublik","robots":{"index":"index","follow":"follow","max-snippet":"max-snippet:-1","max-image-preview":"max-image-preview:large","max-video-preview":"max-video-preview:-1"},"canonical":"https:\/\/fabrikpublik.de\/en\/references\/","og_locale":"en_US","og_type":"article","og_title":"REFERENCES - fabrikpublik","og_description":"Berlin Partner GmbH \u2013 Programme Management of the Court Festival of the Governing Mayor Karneval der Kulturen&nbsp;\u2013 PR, Programme curation stage&nbsp; &gt;&gt; Russische Kulturtage in Deutschland, Hahn Produktion GmbH \u2013 Production Management, Financial Management Staatliche Museen zu Berlin, Markt der Kontinente&nbsp;\u2013 PR, Marketing KulturBrauerei\/ Kesselhaus GmbH\/ Consense GmbH \u2013 PR tR\u00c4NENpALAST Veranstaltungs GmbH&nbsp;\u2013 PR, Marketing&hellip;","og_url":"https:\/\/fabrikpublik.de\/en\/references\/","og_site_name":"fabrikpublik","article_modified_time":"2024-12-16T09:38:33+00:00","twitter_card":"summary_large_image","twitter_misc":{"Est. reading time":"3 minutes"},"schema":{"@context":"https:\/\/schema.org","@graph":[{"@type":"WebPage","@id":"https:\/\/fabrikpublik.de\/en\/references\/","url":"https:\/\/fabrikpublik.de\/en\/references\/","name":"REFERENCES - fabrikpublik","isPartOf":{"@id":"https:\/\/fabrikpublik.de\/#website"},"datePublished":"2024-04-10T15:21:51+00:00","dateModified":"2024-12-16T09:38:33+00:00","breadcrumb":{"@id":"https:\/\/fabrikpublik.de\/en\/references\/#breadcrumb"},"inLanguage":"en-US","potentialAction":[{"@type":"ReadAction","target":["https:\/\/fabrikpublik.de\/en\/references\/"]}]},{"@type":"BreadcrumbList","@id":"https:\/\/fabrikpublik.de\/en\/references\/#breadcrumb","itemListElement":[{"@type":"ListItem","position":1,"name":"Startseite","item":"https:\/\/fabrikpublik.de\/en\/"},{"@type":"ListItem","position":2,"name":"REFERENCES"}]},{"@type":"WebSite","@id":"https:\/\/fabrikpublik.de\/#website","url":"https:\/\/fabrikpublik.de\/","name":"fabrikpublik","description":"Presse- und \u00d6ffentlichkeitsarbeit aus Berlin","publisher":{"@id":"https:\/\/fabrikpublik.de\/#organization"},"potentialAction":[{"@type":"SearchAction","target":{"@type":"EntryPoint","urlTemplate":"https:\/\/fabrikpublik.de\/?s={search_term_string}"},"query-input":{"@type":"PropertyValueSpecification","valueRequired":true,"valueName":"search_term_string"}}],"inLanguage":"en-US"},{"@type":"Organization","@id":"https:\/\/fabrikpublik.de\/#organization","name":"fabrikpublik","url":"https:\/\/fabrikpublik.de\/","logo":{"@type":"ImageObject","inLanguage":"en-US","@id":"https:\/\/fabrikpublik.de\/#\/schema\/logo\/image\/","url":"https:\/\/fabrikpublik.de\/wp-content\/uploads\/2024\/04\/logo_01.svg","contentUrl":"https:\/\/fabrikpublik.de\/wp-content\/uploads\/2024\/04\/logo_01.svg","width":1,"height":1,"caption":"fabrikpublik"},"image":{"@id":"https:\/\/fabrikpublik.de\/#\/schema\/logo\/image\/"}}]}},"_links":{"self":[{"href":"https:\/\/fabrikpublik.de\/en\/wp-json\/wp\/v2\/pages\/153","targetHints":{"allow":["GET"]}}],"collection":[{"href":"https:\/\/fabrikpublik.de\/en\/wp-json\/wp\/v2\/pages"}],"about":[{"href":"https:\/\/fabrikpublik.de\/en\/wp-json\/wp\/v2\/types\/page"}],"author":[{"embeddable":true,"href":"https:\/\/fabrikpublik.de\/en\/wp-json\/wp\/v2\/users\/2"}],"replies":[{"embeddable":true,"href":"https:\/\/fabrikpublik.de\/en\/wp-json\/wp\/v2\/comments?post=153"}],"version-history":[{"count":3,"href":"https:\/\/fabrikpublik.de\/en\/wp-json\/wp\/v2\/pages\/153\/revisions"}],"predecessor-version":[{"id":185,"href":"https:\/\/fabrikpublik.de\/en\/wp-json\/wp\/v2\/pages\/153\/revisions\/185"}],"wp:attachment":[{"href":"https:\/\/fabrikpublik.de\/en\/wp-json\/wp\/v2\/media?parent=153"}],"curies":[{"name":"wp","href":"https:\/\/api.w.org\/{rel}","templated":true}]}}